{"id":29,"date":"2024-09-01T17:44:44","date_gmt":"2024-09-01T15:44:44","guid":{"rendered":"https:\/\/xn--au-jardin-des-flins-pzb.fr\/?page_id=29"},"modified":"2024-11-09T12:29:16","modified_gmt":"2024-11-09T11:29:16","slug":"pet-sitting-dordogne-sarlat-et-alentours","status":"publish","type":"page","link":"https:\/\/xn--au-jardin-des-flins-pzb.fr\/index.php\/pet-sitting-dordogne-sarlat-et-alentours\/","title":{"rendered":"A propos"},"content":{"rendered":"\n<div class=\"wp-block-cover alignfull has-global-padding is-layout-constrained wp-block-cover-is-layout-constrained\" style=\"min-height:500px;aspect-ratio:unset;\"><span aria-hidden=\"true\" class=\"wp-block-cover__background has-background-dim-0 has-background-dim\" style=\"background-color:#272624\"><\/span><img decoding=\"async\" class=\"wp-block-cover__image-background wp-image-74\" alt=\"\" src=\"http:\/\/xn--au-jardin-des-flins-pzb.fr\/wp-content\/uploads\/2024\/09\/pexels-optical-chemist-340351297-15597164.jpg\" style=\"object-position:60% 57%\" data-object-fit=\"cover\" data-object-position=\"60% 57%\"\/><div class=\"wp-block-cover__inner-container\"><\/div><\/div>\n\n\n\n<div class=\"wp-block-group alignwide has-global-padding is-layout-constrained wp-container-core-group-is-layout-bd379bf5 wp-block-group-is-layout-constrained\" style=\"padding-top:5rem;padding-right:0;padding-left:0\">\n<h2 class=\"wp-block-heading has-text-align-center has-background has-prata-regular-font-family\" style=\"background-color:#ffcdcd63;padding-top:var(--wp--preset--spacing--70);padding-bottom:var(--wp--preset--spacing--70)\">Les engagements<\/h2>\n\n\n\n<hr class=\"wp-block-separator has-alpha-channel-opacity is-style-wide\"\/>\n\n\n\n<div class=\"wp-block-columns is-layout-flex wp-container-core-columns-is-layout-28f84493 wp-block-columns-is-layout-flex\">\n<div class=\"wp-block-column is-layout-flow wp-block-column-is-layout-flow\">\n<h2 class=\"wp-block-heading has-text-align-center has-background has-large-font-size\" style=\"background-color:#eea3a3\"><strong>Le pet-sitter<\/strong><\/h2>\n\n\n\n<figure class=\"wp-block-image size-large is-resized\"><img loading=\"lazy\" decoding=\"async\" width=\"1024\" height=\"628\" src=\"http:\/\/xn--au-jardin-des-flins-pzb.fr\/wp-content\/uploads\/2024\/11\/Image4-1024x628.jpg\" alt=\"\" class=\"wp-image-250\" style=\"width:562px;height:auto\" srcset=\"https:\/\/xn--au-jardin-des-flins-pzb.fr\/wp-content\/uploads\/2024\/11\/Image4-1024x628.jpg 1024w, https:\/\/xn--au-jardin-des-flins-pzb.fr\/wp-content\/uploads\/2024\/11\/Image4-300x184.jpg 300w, https:\/\/xn--au-jardin-des-flins-pzb.fr\/wp-content\/uploads\/2024\/11\/Image4-768x471.jpg 768w, https:\/\/xn--au-jardin-des-flins-pzb.fr\/wp-content\/uploads\/2024\/11\/Image4.jpg 1089w\" sizes=\"auto, (max-width: 1024px) 100vw, 1024px\" \/><\/figure>\n\n\n\n<p class=\"has-text-align-center\" style=\"text-decoration:underline\"><strong>Les obligations du pet-sitter<\/strong><\/p>\n\n\n\n<p>Porter la plus grande attention, prendre toutes les dispositions n\u00e9cessaires concernant le bien-\u00eatre et la sant\u00e9 de l\u2019animal.<\/p>\n\n\n\n<p>Mettre en \u0153uvre tous les moyens n\u00e9cessaires pour pr\u00e9server la sant\u00e9 des animaux qui lui sont confi\u00e9s et s\u2019assurer de leur bien-\u00eatre.<\/p>\n\n\n\n<p><strong><u>Frais v\u00e9t\u00e9rinaires<\/u><\/strong><\/p>\n\n\n\n<p class=\"has-text-align-center\">Le pet-sitter est habilit\u00e9 \u00e0 prendre la d\u00e9cision d\u2019une consultation v\u00e9t\u00e9rinaire concernant votre animal. Dans la mesure du possible celui-ci sera amen\u00e9 chez son v\u00e9t\u00e9rinaire habituel. Les frais engag\u00e9s devront \u00eatre rembours\u00e9s au pet-sitter sauf si sa responsabilit\u00e9 est engag\u00e9e.<\/p>\n\n\n\n<p>Avertir, le propri\u00e9taire (ou son correspondant) de l\u2019\u00e9tat de sant\u00e9 de son animal, une fois l\u2019avis avis\u00e9 du v\u00e9t\u00e9rinaire.<\/p>\n\n\n\n<p>Le v\u00e9t\u00e9rinaire consult\u00e9 sera le seul d\u00e9cisionnaire des actes et soins \u00e0 effectuer.<\/p>\n\n\n\n<p>Forfait transport aller\/retour chez le v\u00e9t\u00e9rinaire 20\u20ac.<\/p>\n\n\n\n<p class=\"has-text-align-center\"><strong><u>Le pet-sitter ne pourra \u00eatre tenu responsable en cas de maladie et\/ou d\u00e9c\u00e8s de votre animal pendant votre absence sauf en cas&nbsp;:<\/u><\/strong><\/p>\n\n\n\n<p>&#8211; De mauvais traitements av\u00e9r\u00e9s, certifi\u00e9s par un v\u00e9t\u00e9rinaire.<\/p>\n\n\n\n<p>&#8211; De manquement \u00e0 des soins vitaux.<\/p>\n\n\n\n<p>&#8211; D\u2019accident de la voie publique lors d\u2019une promenade, sauf en cas de d\u00e9fectuosit\u00e9 du mat\u00e9riel fourni.<\/p>\n\n\n\n<p>Dans le cas ou votre animal vit dehors ou \u00e0 un acc\u00e8s libre \u00e0 l\u2019ext\u00e9rieur (chati\u00e8re, fen\u00eatre\u2026) et viendrait \u00e0 sortir de votre jardin, aucun accident ne pourra engager la responsabilit\u00e9 du pet-sitter.<\/p>\n\n\n\n<p>Le pet-sitter n\u2019est pas responsable de l\u2019\u00e9tat de d\u00e9t\u00e9rioration de vos cl\u00f4tures ou grillages qui permettrait \u00e0 votre animal de s\u2019\u00e9chapper.<\/p>\n\n\n\n<p><\/p>\n<\/div>\n\n\n\n<div class=\"wp-block-column is-layout-flow wp-block-column-is-layout-flow\">\n<h2 class=\"wp-block-heading has-text-align-center has-background has-large-font-size\" style=\"background-color:#eea3a3\"><strong>Les propri\u00e9taires<\/strong><\/h2>\n\n\n\n<figure class=\"wp-block-image size-large is-resized\"><img loading=\"lazy\" decoding=\"async\" width=\"1024\" height=\"859\" src=\"http:\/\/xn--au-jardin-des-flins-pzb.fr\/wp-content\/uploads\/2024\/11\/Image2-1024x859.jpg\" alt=\"\" class=\"wp-image-257\" style=\"width:565px;height:auto\" srcset=\"https:\/\/xn--au-jardin-des-flins-pzb.fr\/wp-content\/uploads\/2024\/11\/Image2-1024x859.jpg 1024w, https:\/\/xn--au-jardin-des-flins-pzb.fr\/wp-content\/uploads\/2024\/11\/Image2-300x252.jpg 300w, https:\/\/xn--au-jardin-des-flins-pzb.fr\/wp-content\/uploads\/2024\/11\/Image2-768x645.jpg 768w, https:\/\/xn--au-jardin-des-flins-pzb.fr\/wp-content\/uploads\/2024\/11\/Image2.jpg 1027w\" sizes=\"auto, (max-width: 1024px) 100vw, 1024px\" \/><\/figure>\n\n\n\n<p class=\"has-text-align-center\"><strong><u>Obligations du propri\u00e9taire de l\u2019animal<\/u><\/strong><\/p>\n\n\n\n<p>Le propri\u00e9taire s\u2019engage \u00e0 r\u00e9cup\u00e9rer l\u2019animal \u00e0 la date pr\u00e9vue au pr\u00e9sent contrat. Un animal non repris \u00e0 la date pr\u00e9vue au contrat (sauf emp\u00eachement justifi\u00e9 et en accord entre les participants) sera consid\u00e9r\u00e9 comme abandonn\u00e9 et pourra entra\u00eener des poursuites pour abandon.<\/p>\n\n\n\n<p>Une fois la prestation commenc\u00e9e il est alors impossible de changer les clauses du contrat sign\u00e9 par les deux parties (le propri\u00e9taire de l\u2019animal et le pet-sitter).<\/p>\n\n\n\n<p>Pour tout d\u00e9part anticip\u00e9 le montant du s\u00e9jour reste inchang\u00e9.&nbsp;<\/p>\n\n\n\n<p>Les deux parties s\u2019engagent \u00e0 honorer les termes de ce contrat.<\/p>\n\n\n\n<p><strong><u>La r\u00e9mun\u00e9ration<\/u><\/strong><\/p>\n\n\n\n<p>Le paiement sera effectu\u00e9 \u00e0 hauteur de 50% de la somme total lors de la pr\u00e9-visite, le restant lors de la restitution des cl\u00e9s.<\/p>\n\n\n\n<p class=\"has-text-align-center\">En cas de remise des cl\u00e9s dans la boite aux lettres, la totalit\u00e9 du paiement devra \u00eatre laiss\u00e9 soigneusement \u00e0 disposition dans le domicile lors de la premi\u00e8re visite.<\/p>\n\n\n\n<div style=\"height:303px\" aria-hidden=\"true\" class=\"wp-block-spacer\"><\/div>\n<\/div>\n<\/div>\n<\/div>\n\n\n\n<div class=\"wp-block-columns is-layout-flex wp-container-core-columns-is-layout-28f84493 wp-block-columns-is-layout-flex\">\n<div class=\"wp-block-column is-layout-flow wp-block-column-is-layout-flow\"><\/div>\n\n\n\n<div class=\"wp-block-column is-layout-flow wp-block-column-is-layout-flow\"><\/div>\n<\/div>\n\n\n\n<p><\/p>\n","protected":false},"excerpt":{"rendered":"<p>Les engagements Le pet-sitter Les obligations du pet-sitter Porter la plus grande attention, prendre toutes les dispositions n\u00e9cessaires concernant le bien-\u00eatre et la sant\u00e9 de l\u2019animal. Mettre en \u0153uvre tous les moyens n\u00e9cessaires pour pr\u00e9server la sant\u00e9 des animaux qui lui sont confi\u00e9s et s\u2019assurer de leur bien-\u00eatre. Frais v\u00e9t\u00e9rinaires Le pet-sitter est habilit\u00e9 \u00e0 [&hellip;]<\/p>\n","protected":false},"author":1,"featured_media":0,"parent":0,"menu_order":0,"comment_status":"closed","ping_status":"closed","template":"","meta":{"footnotes":""},"class_list":["post-29","page","type-page","status-publish","hentry"],"yoast_head":"<!-- This site is optimized with the Yoast SEO plugin v23.8 - https:\/\/yoast.com\/wordpress\/plugins\/seo\/ -->\n<title>Au Jardin Des F\u00e9lins<\/title>\n<meta name=\"robots\" content=\"index, follow, max-snippet:-1, max-image-preview:large, max-video-preview:-1\" \/>\n<link rel=\"canonical\" href=\"https:\/\/xn--au-jardin-des-flins-pzb.fr\/index.php\/pet-sitting-dordogne-sarlat-et-alentours\/\" \/>\n<meta property=\"og:locale\" content=\"fr_FR\" \/>\n<meta property=\"og:type\" content=\"article\" \/>\n<meta property=\"og:title\" content=\"Au Jardin Des F\u00e9lins\" \/>\n<meta property=\"og:description\" content=\"Les engagements Le pet-sitter Les obligations du pet-sitter Porter la plus grande attention, prendre toutes les dispositions n\u00e9cessaires concernant le bien-\u00eatre et la sant\u00e9 de l\u2019animal. Mettre en \u0153uvre tous les moyens n\u00e9cessaires pour pr\u00e9server la sant\u00e9 des animaux qui lui sont confi\u00e9s et s\u2019assurer de leur bien-\u00eatre. Frais v\u00e9t\u00e9rinaires Le pet-sitter est habilit\u00e9 \u00e0 [&hellip;]\" \/>\n<meta property=\"og:url\" content=\"https:\/\/xn--au-jardin-des-flins-pzb.fr\/index.php\/pet-sitting-dordogne-sarlat-et-alentours\/\" \/>\n<meta property=\"og:site_name\" content=\"Au Jardin Des F\u00e9lins\" \/>\n<meta property=\"article:modified_time\" content=\"2024-11-09T11:29:16+00:00\" \/>\n<meta property=\"og:image\" content=\"http:\/\/xn--au-jardin-des-flins-pzb.fr\/wp-content\/uploads\/2024\/09\/pexels-optical-chemist-340351297-15597164.jpg\" \/>\n<meta name=\"twitter:card\" content=\"summary_large_image\" \/>\n<meta name=\"twitter:label1\" content=\"Dur\u00e9e de lecture estim\u00e9e\" \/>\n\t<meta name=\"twitter:data1\" content=\"3 minutes\" \/>\n<script type=\"application\/ld+json\" class=\"yoast-schema-graph\">{\"@context\":\"https:\/\/schema.org\",\"@graph\":[{\"@type\":\"WebPage\",\"@id\":\"https:\/\/xn--au-jardin-des-flins-pzb.fr\/index.php\/pet-sitting-dordogne-sarlat-et-alentours\/\",\"url\":\"https:\/\/xn--au-jardin-des-flins-pzb.fr\/index.php\/pet-sitting-dordogne-sarlat-et-alentours\/\",\"name\":\"Au Jardin Des F\u00e9lins\",\"isPartOf\":{\"@id\":\"https:\/\/xn--au-jardin-des-flins-pzb.fr\/#website\"},\"primaryImageOfPage\":{\"@id\":\"https:\/\/xn--au-jardin-des-flins-pzb.fr\/index.php\/pet-sitting-dordogne-sarlat-et-alentours\/#primaryimage\"},\"image\":{\"@id\":\"https:\/\/xn--au-jardin-des-flins-pzb.fr\/index.php\/pet-sitting-dordogne-sarlat-et-alentours\/#primaryimage\"},\"thumbnailUrl\":\"http:\/\/xn--au-jardin-des-flins-pzb.fr\/wp-content\/uploads\/2024\/09\/pexels-optical-chemist-340351297-15597164.jpg\",\"datePublished\":\"2024-09-01T15:44:44+00:00\",\"dateModified\":\"2024-11-09T11:29:16+00:00\",\"breadcrumb\":{\"@id\":\"https:\/\/xn--au-jardin-des-flins-pzb.fr\/index.php\/pet-sitting-dordogne-sarlat-et-alentours\/#breadcrumb\"},\"inLanguage\":\"fr-FR\",\"potentialAction\":[{\"@type\":\"ReadAction\",\"target\":[\"https:\/\/xn--au-jardin-des-flins-pzb.fr\/index.php\/pet-sitting-dordogne-sarlat-et-alentours\/\"]}]},{\"@type\":\"ImageObject\",\"inLanguage\":\"fr-FR\",\"@id\":\"https:\/\/xn--au-jardin-des-flins-pzb.fr\/index.php\/pet-sitting-dordogne-sarlat-et-alentours\/#primaryimage\",\"url\":\"https:\/\/xn--au-jardin-des-flins-pzb.fr\/wp-content\/uploads\/2024\/09\/pexels-optical-chemist-340351297-15597164.jpg\",\"contentUrl\":\"https:\/\/xn--au-jardin-des-flins-pzb.fr\/wp-content\/uploads\/2024\/09\/pexels-optical-chemist-340351297-15597164.jpg\"},{\"@type\":\"BreadcrumbList\",\"@id\":\"https:\/\/xn--au-jardin-des-flins-pzb.fr\/index.php\/pet-sitting-dordogne-sarlat-et-alentours\/#breadcrumb\",\"itemListElement\":[{\"@type\":\"ListItem\",\"position\":1,\"name\":\"Accueil\",\"item\":\"https:\/\/xn--au-jardin-des-flins-pzb.fr\/\"},{\"@type\":\"ListItem\",\"position\":2,\"name\":\"A propos\"}]},{\"@type\":\"WebSite\",\"@id\":\"https:\/\/xn--au-jardin-des-flins-pzb.fr\/#website\",\"url\":\"https:\/\/xn--au-jardin-des-flins-pzb.fr\/\",\"name\":\"Au Jardin Des F\u00e9lins\",\"description\":\"Pet-Sitting\",\"publisher\":{\"@id\":\"https:\/\/xn--au-jardin-des-flins-pzb.fr\/#organization\"},\"potentialAction\":[{\"@type\":\"SearchAction\",\"target\":{\"@type\":\"EntryPoint\",\"urlTemplate\":\"https:\/\/xn--au-jardin-des-flins-pzb.fr\/?s={search_term_string}\"},\"query-input\":{\"@type\":\"PropertyValueSpecification\",\"valueRequired\":true,\"valueName\":\"search_term_string\"}}],\"inLanguage\":\"fr-FR\"},{\"@type\":\"Organization\",\"@id\":\"https:\/\/xn--au-jardin-des-flins-pzb.fr\/#organization\",\"name\":\"Au jardin des f\u00e9lins\",\"url\":\"https:\/\/xn--au-jardin-des-flins-pzb.fr\/\",\"logo\":{\"@type\":\"ImageObject\",\"inLanguage\":\"fr-FR\",\"@id\":\"https:\/\/xn--au-jardin-des-flins-pzb.fr\/#\/schema\/logo\/image\/\",\"url\":\"https:\/\/xn--au-jardin-des-flins-pzb.fr\/wp-content\/uploads\/2024\/09\/Image1.png\",\"contentUrl\":\"https:\/\/xn--au-jardin-des-flins-pzb.fr\/wp-content\/uploads\/2024\/09\/Image1.png\",\"width\":416,\"height\":412,\"caption\":\"Au jardin des f\u00e9lins\"},\"image\":{\"@id\":\"https:\/\/xn--au-jardin-des-flins-pzb.fr\/#\/schema\/logo\/image\/\"}}]}<\/script>\n<!-- \/ Yoast SEO plugin. -->","yoast_head_json":{"title":"Au Jardin Des F\u00e9lins","robots":{"index":"index","follow":"follow","max-snippet":"max-snippet:-1","max-image-preview":"max-image-preview:large","max-video-preview":"max-video-preview:-1"},"canonical":"https:\/\/xn--au-jardin-des-flins-pzb.fr\/index.php\/pet-sitting-dordogne-sarlat-et-alentours\/","og_locale":"fr_FR","og_type":"article","og_title":"Au Jardin Des F\u00e9lins","og_description":"Les engagements Le pet-sitter Les obligations du pet-sitter Porter la plus grande attention, prendre toutes les dispositions n\u00e9cessaires concernant le bien-\u00eatre et la sant\u00e9 de l\u2019animal. Mettre en \u0153uvre tous les moyens n\u00e9cessaires pour pr\u00e9server la sant\u00e9 des animaux qui lui sont confi\u00e9s et s\u2019assurer de leur bien-\u00eatre. Frais v\u00e9t\u00e9rinaires Le pet-sitter est habilit\u00e9 \u00e0 [&hellip;]","og_url":"https:\/\/xn--au-jardin-des-flins-pzb.fr\/index.php\/pet-sitting-dordogne-sarlat-et-alentours\/","og_site_name":"Au Jardin Des F\u00e9lins","article_modified_time":"2024-11-09T11:29:16+00:00","og_image":[{"url":"http:\/\/xn--au-jardin-des-flins-pzb.fr\/wp-content\/uploads\/2024\/09\/pexels-optical-chemist-340351297-15597164.jpg"}],"twitter_card":"summary_large_image","twitter_misc":{"Dur\u00e9e de lecture estim\u00e9e":"3 minutes"},"schema":{"@context":"https:\/\/schema.org","@graph":[{"@type":"WebPage","@id":"https:\/\/xn--au-jardin-des-flins-pzb.fr\/index.php\/pet-sitting-dordogne-sarlat-et-alentours\/","url":"https:\/\/xn--au-jardin-des-flins-pzb.fr\/index.php\/pet-sitting-dordogne-sarlat-et-alentours\/","name":"Au Jardin Des F\u00e9lins","isPartOf":{"@id":"https:\/\/xn--au-jardin-des-flins-pzb.fr\/#website"},"primaryImageOfPage":{"@id":"https:\/\/xn--au-jardin-des-flins-pzb.fr\/index.php\/pet-sitting-dordogne-sarlat-et-alentours\/#primaryimage"},"image":{"@id":"https:\/\/xn--au-jardin-des-flins-pzb.fr\/index.php\/pet-sitting-dordogne-sarlat-et-alentours\/#primaryimage"},"thumbnailUrl":"http:\/\/xn--au-jardin-des-flins-pzb.fr\/wp-content\/uploads\/2024\/09\/pexels-optical-chemist-340351297-15597164.jpg","datePublished":"2024-09-01T15:44:44+00:00","dateModified":"2024-11-09T11:29:16+00:00","breadcrumb":{"@id":"https:\/\/xn--au-jardin-des-flins-pzb.fr\/index.php\/pet-sitting-dordogne-sarlat-et-alentours\/#breadcrumb"},"inLanguage":"fr-FR","potentialAction":[{"@type":"ReadAction","target":["https:\/\/xn--au-jardin-des-flins-pzb.fr\/index.php\/pet-sitting-dordogne-sarlat-et-alentours\/"]}]},{"@type":"ImageObject","inLanguage":"fr-FR","@id":"https:\/\/xn--au-jardin-des-flins-pzb.fr\/index.php\/pet-sitting-dordogne-sarlat-et-alentours\/#primaryimage","url":"https:\/\/xn--au-jardin-des-flins-pzb.fr\/wp-content\/uploads\/2024\/09\/pexels-optical-chemist-340351297-15597164.jpg","contentUrl":"https:\/\/xn--au-jardin-des-flins-pzb.fr\/wp-content\/uploads\/2024\/09\/pexels-optical-chemist-340351297-15597164.jpg"},{"@type":"BreadcrumbList","@id":"https:\/\/xn--au-jardin-des-flins-pzb.fr\/index.php\/pet-sitting-dordogne-sarlat-et-alentours\/#breadcrumb","itemListElement":[{"@type":"ListItem","position":1,"name":"Accueil","item":"https:\/\/xn--au-jardin-des-flins-pzb.fr\/"},{"@type":"ListItem","position":2,"name":"A propos"}]},{"@type":"WebSite","@id":"https:\/\/xn--au-jardin-des-flins-pzb.fr\/#website","url":"https:\/\/xn--au-jardin-des-flins-pzb.fr\/","name":"Au Jardin Des F\u00e9lins","description":"Pet-Sitting","publisher":{"@id":"https:\/\/xn--au-jardin-des-flins-pzb.fr\/#organization"},"potentialAction":[{"@type":"SearchAction","target":{"@type":"EntryPoint","urlTemplate":"https:\/\/xn--au-jardin-des-flins-pzb.fr\/?s={search_term_string}"},"query-input":{"@type":"PropertyValueSpecification","valueRequired":true,"valueName":"search_term_string"}}],"inLanguage":"fr-FR"},{"@type":"Organization","@id":"https:\/\/xn--au-jardin-des-flins-pzb.fr\/#organization","name":"Au jardin des f\u00e9lins","url":"https:\/\/xn--au-jardin-des-flins-pzb.fr\/","logo":{"@type":"ImageObject","inLanguage":"fr-FR","@id":"https:\/\/xn--au-jardin-des-flins-pzb.fr\/#\/schema\/logo\/image\/","url":"https:\/\/xn--au-jardin-des-flins-pzb.fr\/wp-content\/uploads\/2024\/09\/Image1.png","contentUrl":"https:\/\/xn--au-jardin-des-flins-pzb.fr\/wp-content\/uploads\/2024\/09\/Image1.png","width":416,"height":412,"caption":"Au jardin des f\u00e9lins"},"image":{"@id":"https:\/\/xn--au-jardin-des-flins-pzb.fr\/#\/schema\/logo\/image\/"}}]}},"_links":{"self":[{"href":"https:\/\/xn--au-jardin-des-flins-pzb.fr\/index.php\/wp-json\/wp\/v2\/pages\/29","targetHints":{"allow":["GET"]}}],"collection":[{"href":"https:\/\/xn--au-jardin-des-flins-pzb.fr\/index.php\/wp-json\/wp\/v2\/pages"}],"about":[{"href":"https:\/\/xn--au-jardin-des-flins-pzb.fr\/index.php\/wp-json\/wp\/v2\/types\/page"}],"author":[{"embeddable":true,"href":"https:\/\/xn--au-jardin-des-flins-pzb.fr\/index.php\/wp-json\/wp\/v2\/users\/1"}],"replies":[{"embeddable":true,"href":"https:\/\/xn--au-jardin-des-flins-pzb.fr\/index.php\/wp-json\/wp\/v2\/comments?post=29"}],"version-history":[{"count":16,"href":"https:\/\/xn--au-jardin-des-flins-pzb.fr\/index.php\/wp-json\/wp\/v2\/pages\/29\/revisions"}],"predecessor-version":[{"id":288,"href":"https:\/\/xn--au-jardin-des-flins-pzb.fr\/index.php\/wp-json\/wp\/v2\/pages\/29\/revisions\/288"}],"wp:attachment":[{"href":"https:\/\/xn--au-jardin-des-flins-pzb.fr\/index.php\/wp-json\/wp\/v2\/media?parent=29"}],"curies":[{"name":"wp","href":"https:\/\/api.w.org\/{rel}","templated":true}]}}